{"id":9,"date":"2021-12-28T11:55:52","date_gmt":"2021-12-28T10:55:52","guid":{"rendered":"http:\/\/sud-ardeche-gite.fr\/?page_id=9"},"modified":"2023-03-31T21:28:34","modified_gmt":"2023-03-31T19:28:34","slug":"presentation-gite-1","status":"publish","type":"page","link":"https:\/\/sud-ardeche-gite.fr\/index.php\/presentation-gite-1\/","title":{"rendered":"G\u00eete Couple"},"content":{"rendered":"\n<figure class=\"wp-block-gallery has-nested-images columns-4 is-cropped wp-block-gallery-1 is-layout-flex wp-block-gallery-is-layout-flex\">\n<figure class=\"wp-block-image size-large\"><img loading=\"lazy\" decoding=\"async\" width=\"2560\" height=\"1815\" data-id=\"215\" src=\"https:\/\/sud-ardeche-gite.fr\/wp-content\/uploads\/2022\/02\/IMG_20210620_182137-scaled.jpg\" alt=\"\" class=\"wp-image-215\" srcset=\"https:\/\/sud-ardeche-gite.fr\/wp-content\/uploads\/2022\/02\/IMG_20210620_182137-scaled.jpg 2560w, https:\/\/sud-ardeche-gite.fr\/wp-content\/uploads\/2022\/02\/IMG_20210620_182137-300x213.jpg 300w, https:\/\/sud-ardeche-gite.fr\/wp-content\/uploads\/2022\/02\/IMG_20210620_182137-1024x726.jpg 1024w, https:\/\/sud-ardeche-gite.fr\/wp-content\/uploads\/2022\/02\/IMG_20210620_182137-768x544.jpg 768w, https:\/\/sud-ardeche-gite.fr\/wp-content\/uploads\/2022\/02\/IMG_20210620_182137-1536x1089.jpg 1536w, https:\/\/sud-ardeche-gite.fr\/wp-content\/uploads\/2022\/02\/IMG_20210620_182137-2048x1452.jpg 2048w, https:\/\/sud-ardeche-gite.fr\/wp-content\/uploads\/2022\/02\/IMG_20210620_182137-370x262.jpg 370w, https:\/\/sud-ardeche-gite.fr\/wp-content\/uploads\/2022\/02\/IMG_20210620_182137-760x539.jpg 760w, https:\/\/sud-ardeche-gite.fr\/wp-content\/uploads\/2022\/02\/IMG_20210620_182137-622x441.jpg 622w\" sizes=\"auto, (max-width: 2560px) 100vw, 2560px\" \/><figcaption class=\"wp-element-caption\">Salon<\/figcaption><\/figure>\n\n\n\n<figure class=\"wp-block-image size-large\"><img loading=\"lazy\" decoding=\"async\" width=\"1920\" height=\"2560\" data-id=\"216\" src=\"https:\/\/sud-ardeche-gite.fr\/wp-content\/uploads\/2022\/02\/IMG_20210620_182453-scaled.jpg\" alt=\"\" class=\"wp-image-216\" srcset=\"https:\/\/sud-ardeche-gite.fr\/wp-content\/uploads\/2022\/02\/IMG_20210620_182453-scaled.jpg 1920w, https:\/\/sud-ardeche-gite.fr\/wp-content\/uploads\/2022\/02\/IMG_20210620_182453-225x300.jpg 225w, https:\/\/sud-ardeche-gite.fr\/wp-content\/uploads\/2022\/02\/IMG_20210620_182453-768x1024.jpg 768w, https:\/\/sud-ardeche-gite.fr\/wp-content\/uploads\/2022\/02\/IMG_20210620_182453-1152x1536.jpg 1152w, https:\/\/sud-ardeche-gite.fr\/wp-content\/uploads\/2022\/02\/IMG_20210620_182453-1536x2048.jpg 1536w, https:\/\/sud-ardeche-gite.fr\/wp-content\/uploads\/2022\/02\/IMG_20210620_182453-370x493.jpg 370w, https:\/\/sud-ardeche-gite.fr\/wp-content\/uploads\/2022\/02\/IMG_20210620_182453-760x1013.jpg 760w, https:\/\/sud-ardeche-gite.fr\/wp-content\/uploads\/2022\/02\/IMG_20210620_182453-622x829.jpg 622w\" sizes=\"auto, (max-width: 1920px) 100vw, 1920px\" \/><figcaption class=\"wp-element-caption\">Salle d&rsquo;eau<\/figcaption><\/figure>\n\n\n\n<figure class=\"wp-block-image size-large\"><img loading=\"lazy\" decoding=\"async\" width=\"2560\" height=\"1920\" data-id=\"214\" src=\"https:\/\/sud-ardeche-gite.fr\/wp-content\/uploads\/2022\/02\/IMG_20210620_182025-scaled.jpg\" alt=\"\" class=\"wp-image-214\" srcset=\"https:\/\/sud-ardeche-gite.fr\/wp-content\/uploads\/2022\/02\/IMG_20210620_182025-scaled.jpg 2560w, https:\/\/sud-ardeche-gite.fr\/wp-content\/uploads\/2022\/02\/IMG_20210620_182025-300x225.jpg 300w, https:\/\/sud-ardeche-gite.fr\/wp-content\/uploads\/2022\/02\/IMG_20210620_182025-1024x768.jpg 1024w, https:\/\/sud-ardeche-gite.fr\/wp-content\/uploads\/2022\/02\/IMG_20210620_182025-768x576.jpg 768w, https:\/\/sud-ardeche-gite.fr\/wp-content\/uploads\/2022\/02\/IMG_20210620_182025-1536x1152.jpg 1536w, https:\/\/sud-ardeche-gite.fr\/wp-content\/uploads\/2022\/02\/IMG_20210620_182025-2048x1536.jpg 2048w, https:\/\/sud-ardeche-gite.fr\/wp-content\/uploads\/2022\/02\/IMG_20210620_182025-370x278.jpg 370w, https:\/\/sud-ardeche-gite.fr\/wp-content\/uploads\/2022\/02\/IMG_20210620_182025-760x570.jpg 760w, https:\/\/sud-ardeche-gite.fr\/wp-content\/uploads\/2022\/02\/IMG_20210620_182025-622x467.jpg 622w\" sizes=\"auto, (max-width: 2560px) 100vw, 2560px\" \/><figcaption class=\"wp-element-caption\">Chambre<\/figcaption><\/figure>\n\n\n\n<figure class=\"wp-block-image size-large\"><img loading=\"lazy\" decoding=\"async\" width=\"2560\" height=\"1920\" data-id=\"212\" src=\"https:\/\/sud-ardeche-gite.fr\/wp-content\/uploads\/2022\/02\/IMG_20210620_135424-scaled.jpg\" alt=\"\" class=\"wp-image-212\" srcset=\"https:\/\/sud-ardeche-gite.fr\/wp-content\/uploads\/2022\/02\/IMG_20210620_135424-scaled.jpg 2560w, https:\/\/sud-ardeche-gite.fr\/wp-content\/uploads\/2022\/02\/IMG_20210620_135424-300x225.jpg 300w, https:\/\/sud-ardeche-gite.fr\/wp-content\/uploads\/2022\/02\/IMG_20210620_135424-1024x768.jpg 1024w, https:\/\/sud-ardeche-gite.fr\/wp-content\/uploads\/2022\/02\/IMG_20210620_135424-768x576.jpg 768w, https:\/\/sud-ardeche-gite.fr\/wp-content\/uploads\/2022\/02\/IMG_20210620_135424-1536x1152.jpg 1536w, https:\/\/sud-ardeche-gite.fr\/wp-content\/uploads\/2022\/02\/IMG_20210620_135424-2048x1536.jpg 2048w, https:\/\/sud-ardeche-gite.fr\/wp-content\/uploads\/2022\/02\/IMG_20210620_135424-370x278.jpg 370w, https:\/\/sud-ardeche-gite.fr\/wp-content\/uploads\/2022\/02\/IMG_20210620_135424-760x570.jpg 760w, https:\/\/sud-ardeche-gite.fr\/wp-content\/uploads\/2022\/02\/IMG_20210620_135424-622x467.jpg 622w\" sizes=\"auto, (max-width: 2560px) 100vw, 2560px\" \/><figcaption class=\"wp-element-caption\">Coin TV<\/figcaption><\/figure>\n\n\n\n<figure class=\"wp-block-image size-large is-style-rounded\"><img loading=\"lazy\" decoding=\"async\" width=\"2560\" height=\"1920\" data-id=\"213\" src=\"https:\/\/sud-ardeche-gite.fr\/wp-content\/uploads\/2022\/02\/IMG_20210620_181654-scaled.jpg\" alt=\"\" class=\"wp-image-213\" srcset=\"https:\/\/sud-ardeche-gite.fr\/wp-content\/uploads\/2022\/02\/IMG_20210620_181654-scaled.jpg 2560w, https:\/\/sud-ardeche-gite.fr\/wp-content\/uploads\/2022\/02\/IMG_20210620_181654-300x225.jpg 300w, https:\/\/sud-ardeche-gite.fr\/wp-content\/uploads\/2022\/02\/IMG_20210620_181654-1024x768.jpg 1024w, https:\/\/sud-ardeche-gite.fr\/wp-content\/uploads\/2022\/02\/IMG_20210620_181654-768x576.jpg 768w, https:\/\/sud-ardeche-gite.fr\/wp-content\/uploads\/2022\/02\/IMG_20210620_181654-1536x1152.jpg 1536w, https:\/\/sud-ardeche-gite.fr\/wp-content\/uploads\/2022\/02\/IMG_20210620_181654-2048x1536.jpg 2048w, https:\/\/sud-ardeche-gite.fr\/wp-content\/uploads\/2022\/02\/IMG_20210620_181654-370x278.jpg 370w, https:\/\/sud-ardeche-gite.fr\/wp-content\/uploads\/2022\/02\/IMG_20210620_181654-760x570.jpg 760w, https:\/\/sud-ardeche-gite.fr\/wp-content\/uploads\/2022\/02\/IMG_20210620_181654-622x467.jpg 622w\" sizes=\"auto, (max-width: 2560px) 100vw, 2560px\" \/><figcaption class=\"wp-element-caption\">Terrasse<\/figcaption><\/figure>\n<\/figure>\n\n\n\n<h4 class=\"wp-block-heading has-text-align-center\" id=\"le-logement\">Le logement<\/h4>\n\n\n\n<p class=\"has-text-align-center\">Ce joli g\u00eete d\u00e9cor\u00e9 avec go\u00fbt se compose d&rsquo;un coin cuisine\/repas ouvert sur un espace salon\/chambre. La cuisine am\u00e9nag\u00e9e est toute neuve !<br>Les toilettes et salle d&rsquo;eau sont s\u00e9par\u00e9s.<br>\u00c9galement, une terrasse priv\u00e9e sans vis-\u00e0-vis vient offrir un ext\u00e9rieur arbor\u00e9.<\/p>\n\n\n\n<h4 class=\"wp-block-heading has-text-align-center\" id=\"acces-des-voyageurs\">Acc\u00e8s des voyageurs<\/h4>\n\n\n\n<p class=\"has-text-align-center\">Le g\u00eetes est enti\u00e8rement pour l&rsquo;utilisation privative des voyageurs.<br>Seule la buanderie est commune (avec autre g\u00eete et propri\u00e9taire). Son acc\u00e8s est donc sur demande.<\/p>\n\n\n\n<h4 class=\"wp-block-heading has-text-align-center\" id=\"autres-remarques\">Autres remarques<\/h4>\n\n\n\n<p class=\"has-text-align-center\">Il n&rsquo;y a pas de parking priv\u00e9. Il est possible de descendre la voiture dans la cour pour sortir les bagages. Mais le stationnement des voitures devra se faire \u00e0 l&rsquo;ext\u00e9rieur en bordure de maison.<br>Seules les motos pourront stationner \u00e0 l&rsquo;int\u00e9rieur de la cour sur la dur\u00e9e du s\u00e9jour.<\/p>\n\n\n\n<p class=\"has-text-align-center\">Pensez \u00e0 prendre vos draps ! Il est possible d&rsquo;en fournir pour un suppl\u00e9ment de 10 euros.<\/p>\n\n\n\n<p class=\"has-text-align-center\"><strong><mark style=\"background-color:rgba(0, 0, 0, 0)\" class=\"has-inline-color has-vivid-red-color\">SITE INTERNET EN CONSTRUCTION<\/mark><\/strong><\/p>\n\n\n\n<p class=\"has-text-align-center\"><strong><mark style=\"background-color:rgba(0, 0, 0, 0)\" class=\"has-inline-color has-vivid-red-color\">Les r\u00e9servations ne seront pas effectives le temps de la construction du site<\/mark><\/strong><\/p>\n","protected":false},"excerpt":{"rendered":"<p>Le logement Ce joli g\u00eete d\u00e9cor\u00e9 avec go\u00fbt se compose d&rsquo;un coin cuisine\/repas ouvert sur un espace salon\/chambre. La cuisine am\u00e9nag\u00e9e est toute neuve !Les toilettes et salle d&rsquo;eau sont s\u00e9par\u00e9s.\u00c9galement, une terrasse priv\u00e9e sans vis-\u00e0-vis vient offrir un ext\u00e9rieur arbor\u00e9. Acc\u00e8s des voyageurs Le&hellip;<\/p>\n","protected":false},"author":1,"featured_media":0,"parent":0,"menu_order":0,"comment_status":"closed","ping_status":"closed","template":"","meta":{"footnotes":""},"class_list":["post-9","page","type-page","status-publish","hentry"],"yoast_head":"<!-- This site is optimized with the Yoast SEO plugin v27.3 - https:\/\/yoast.com\/product\/yoast-seo-wordpress\/ -->\n<title>G\u00eete Couple - G\u00eete Ard\u00e9che<\/title>\n<meta name=\"robots\" content=\"noindex, follow, max-snippet:-1, max-image-preview:large, max-video-preview:-1\" \/>\n<meta property=\"og:locale\" content=\"fr_FR\" \/>\n<meta property=\"og:type\" content=\"article\" \/>\n<meta property=\"og:title\" content=\"G\u00eete Couple - G\u00eete Ard\u00e9che\" \/>\n<meta property=\"og:description\" content=\"Le logement Ce joli g\u00eete d\u00e9cor\u00e9 avec go\u00fbt se compose d&rsquo;un coin cuisine\/repas ouvert sur un espace salon\/chambre. La cuisine am\u00e9nag\u00e9e est toute neuve !Les toilettes et salle d&rsquo;eau sont s\u00e9par\u00e9s.\u00c9galement, une terrasse priv\u00e9e sans vis-\u00e0-vis vient offrir un ext\u00e9rieur arbor\u00e9. Acc\u00e8s des voyageurs Le&hellip;\" \/>\n<meta property=\"og:url\" content=\"https:\/\/sud-ardeche-gite.fr\/index.php\/presentation-gite-1\/\" \/>\n<meta property=\"og:site_name\" content=\"G\u00eete Ard\u00e9che\" \/>\n<meta property=\"article:modified_time\" content=\"2023-03-31T19:28:34+00:00\" \/>\n<meta property=\"og:image\" content=\"http:\/\/sud-ardeche-gite.fr\/wp-content\/uploads\/2022\/02\/IMG_20210620_182137-scaled.jpg\" \/>\n<meta name=\"twitter:card\" content=\"summary_large_image\" \/>\n<meta name=\"twitter:label1\" content=\"Dur\u00e9e de lecture estim\u00e9e\" \/>\n\t<meta name=\"twitter:data1\" content=\"2 minutes\" \/>\n<script type=\"application\/ld+json\" class=\"yoast-schema-graph\">{\"@context\":\"https:\\\/\\\/schema.org\",\"@graph\":[{\"@type\":\"WebPage\",\"@id\":\"https:\\\/\\\/sud-ardeche-gite.fr\\\/index.php\\\/presentation-gite-1\\\/\",\"url\":\"https:\\\/\\\/sud-ardeche-gite.fr\\\/index.php\\\/presentation-gite-1\\\/\",\"name\":\"G\u00eete Couple - G\u00eete Ard\u00e9che\",\"isPartOf\":{\"@id\":\"https:\\\/\\\/sud-ardeche-gite.fr\\\/#website\"},\"primaryImageOfPage\":{\"@id\":\"https:\\\/\\\/sud-ardeche-gite.fr\\\/index.php\\\/presentation-gite-1\\\/#primaryimage\"},\"image\":{\"@id\":\"https:\\\/\\\/sud-ardeche-gite.fr\\\/index.php\\\/presentation-gite-1\\\/#primaryimage\"},\"thumbnailUrl\":\"http:\\\/\\\/sud-ardeche-gite.fr\\\/wp-content\\\/uploads\\\/2022\\\/02\\\/IMG_20210620_182137-scaled.jpg\",\"datePublished\":\"2021-12-28T10:55:52+00:00\",\"dateModified\":\"2023-03-31T19:28:34+00:00\",\"breadcrumb\":{\"@id\":\"https:\\\/\\\/sud-ardeche-gite.fr\\\/index.php\\\/presentation-gite-1\\\/#breadcrumb\"},\"inLanguage\":\"fr-FR\",\"potentialAction\":[{\"@type\":\"ReadAction\",\"target\":[\"https:\\\/\\\/sud-ardeche-gite.fr\\\/index.php\\\/presentation-gite-1\\\/\"]}]},{\"@type\":\"ImageObject\",\"inLanguage\":\"fr-FR\",\"@id\":\"https:\\\/\\\/sud-ardeche-gite.fr\\\/index.php\\\/presentation-gite-1\\\/#primaryimage\",\"url\":\"http:\\\/\\\/sud-ardeche-gite.fr\\\/wp-content\\\/uploads\\\/2022\\\/02\\\/IMG_20210620_182137-scaled.jpg\",\"contentUrl\":\"http:\\\/\\\/sud-ardeche-gite.fr\\\/wp-content\\\/uploads\\\/2022\\\/02\\\/IMG_20210620_182137-scaled.jpg\"},{\"@type\":\"BreadcrumbList\",\"@id\":\"https:\\\/\\\/sud-ardeche-gite.fr\\\/index.php\\\/presentation-gite-1\\\/#breadcrumb\",\"itemListElement\":[{\"@type\":\"ListItem\",\"position\":1,\"name\":\"Home\",\"item\":\"https:\\\/\\\/sud-ardeche-gite.fr\\\/\"},{\"@type\":\"ListItem\",\"position\":2,\"name\":\"G\u00eete Couple\"}]},{\"@type\":\"WebSite\",\"@id\":\"https:\\\/\\\/sud-ardeche-gite.fr\\\/#website\",\"url\":\"https:\\\/\\\/sud-ardeche-gite.fr\\\/\",\"name\":\"G\u00eete Ard\u00e9che\",\"description\":\"Gite hebergement en sud Ardeche\",\"publisher\":{\"@id\":\"https:\\\/\\\/sud-ardeche-gite.fr\\\/#organization\"},\"potentialAction\":[{\"@type\":\"SearchAction\",\"target\":{\"@type\":\"EntryPoint\",\"urlTemplate\":\"https:\\\/\\\/sud-ardeche-gite.fr\\\/?s={search_term_string}\"},\"query-input\":{\"@type\":\"PropertyValueSpecification\",\"valueRequired\":true,\"valueName\":\"search_term_string\"}}],\"inLanguage\":\"fr-FR\"},{\"@type\":\"Organization\",\"@id\":\"https:\\\/\\\/sud-ardeche-gite.fr\\\/#organization\",\"name\":\"G\u00eete Ard\u00e9che\",\"url\":\"https:\\\/\\\/sud-ardeche-gite.fr\\\/\",\"logo\":{\"@type\":\"ImageObject\",\"inLanguage\":\"fr-FR\",\"@id\":\"https:\\\/\\\/sud-ardeche-gite.fr\\\/#\\\/schema\\\/logo\\\/image\\\/\",\"url\":\"https:\\\/\\\/sud-ardeche-gite.fr\\\/wp-content\\\/uploads\\\/2022\\\/02\\\/cropped-logo_transparent_background.png\",\"contentUrl\":\"https:\\\/\\\/sud-ardeche-gite.fr\\\/wp-content\\\/uploads\\\/2022\\\/02\\\/cropped-logo_transparent_background.png\",\"width\":3070,\"height\":1216,\"caption\":\"G\u00eete Ard\u00e9che\"},\"image\":{\"@id\":\"https:\\\/\\\/sud-ardeche-gite.fr\\\/#\\\/schema\\\/logo\\\/image\\\/\"}}]}<\/script>\n<!-- \/ Yoast SEO plugin. -->","yoast_head_json":{"title":"G\u00eete Couple - G\u00eete Ard\u00e9che","robots":{"index":"noindex","follow":"follow","max-snippet":"max-snippet:-1","max-image-preview":"max-image-preview:large","max-video-preview":"max-video-preview:-1"},"og_locale":"fr_FR","og_type":"article","og_title":"G\u00eete Couple - G\u00eete Ard\u00e9che","og_description":"Le logement Ce joli g\u00eete d\u00e9cor\u00e9 avec go\u00fbt se compose d&rsquo;un coin cuisine\/repas ouvert sur un espace salon\/chambre. La cuisine am\u00e9nag\u00e9e est toute neuve !Les toilettes et salle d&rsquo;eau sont s\u00e9par\u00e9s.\u00c9galement, une terrasse priv\u00e9e sans vis-\u00e0-vis vient offrir un ext\u00e9rieur arbor\u00e9. Acc\u00e8s des voyageurs Le&hellip;","og_url":"https:\/\/sud-ardeche-gite.fr\/index.php\/presentation-gite-1\/","og_site_name":"G\u00eete Ard\u00e9che","article_modified_time":"2023-03-31T19:28:34+00:00","og_image":[{"url":"http:\/\/sud-ardeche-gite.fr\/wp-content\/uploads\/2022\/02\/IMG_20210620_182137-scaled.jpg","type":"","width":"","height":""}],"twitter_card":"summary_large_image","twitter_misc":{"Dur\u00e9e de lecture estim\u00e9e":"2 minutes"},"schema":{"@context":"https:\/\/schema.org","@graph":[{"@type":"WebPage","@id":"https:\/\/sud-ardeche-gite.fr\/index.php\/presentation-gite-1\/","url":"https:\/\/sud-ardeche-gite.fr\/index.php\/presentation-gite-1\/","name":"G\u00eete Couple - G\u00eete Ard\u00e9che","isPartOf":{"@id":"https:\/\/sud-ardeche-gite.fr\/#website"},"primaryImageOfPage":{"@id":"https:\/\/sud-ardeche-gite.fr\/index.php\/presentation-gite-1\/#primaryimage"},"image":{"@id":"https:\/\/sud-ardeche-gite.fr\/index.php\/presentation-gite-1\/#primaryimage"},"thumbnailUrl":"http:\/\/sud-ardeche-gite.fr\/wp-content\/uploads\/2022\/02\/IMG_20210620_182137-scaled.jpg","datePublished":"2021-12-28T10:55:52+00:00","dateModified":"2023-03-31T19:28:34+00:00","breadcrumb":{"@id":"https:\/\/sud-ardeche-gite.fr\/index.php\/presentation-gite-1\/#breadcrumb"},"inLanguage":"fr-FR","potentialAction":[{"@type":"ReadAction","target":["https:\/\/sud-ardeche-gite.fr\/index.php\/presentation-gite-1\/"]}]},{"@type":"ImageObject","inLanguage":"fr-FR","@id":"https:\/\/sud-ardeche-gite.fr\/index.php\/presentation-gite-1\/#primaryimage","url":"http:\/\/sud-ardeche-gite.fr\/wp-content\/uploads\/2022\/02\/IMG_20210620_182137-scaled.jpg","contentUrl":"http:\/\/sud-ardeche-gite.fr\/wp-content\/uploads\/2022\/02\/IMG_20210620_182137-scaled.jpg"},{"@type":"BreadcrumbList","@id":"https:\/\/sud-ardeche-gite.fr\/index.php\/presentation-gite-1\/#breadcrumb","itemListElement":[{"@type":"ListItem","position":1,"name":"Home","item":"https:\/\/sud-ardeche-gite.fr\/"},{"@type":"ListItem","position":2,"name":"G\u00eete Couple"}]},{"@type":"WebSite","@id":"https:\/\/sud-ardeche-gite.fr\/#website","url":"https:\/\/sud-ardeche-gite.fr\/","name":"G\u00eete Ard\u00e9che","description":"Gite hebergement en sud Ardeche","publisher":{"@id":"https:\/\/sud-ardeche-gite.fr\/#organization"},"potentialAction":[{"@type":"SearchAction","target":{"@type":"EntryPoint","urlTemplate":"https:\/\/sud-ardeche-gite.fr\/?s={search_term_string}"},"query-input":{"@type":"PropertyValueSpecification","valueRequired":true,"valueName":"search_term_string"}}],"inLanguage":"fr-FR"},{"@type":"Organization","@id":"https:\/\/sud-ardeche-gite.fr\/#organization","name":"G\u00eete Ard\u00e9che","url":"https:\/\/sud-ardeche-gite.fr\/","logo":{"@type":"ImageObject","inLanguage":"fr-FR","@id":"https:\/\/sud-ardeche-gite.fr\/#\/schema\/logo\/image\/","url":"https:\/\/sud-ardeche-gite.fr\/wp-content\/uploads\/2022\/02\/cropped-logo_transparent_background.png","contentUrl":"https:\/\/sud-ardeche-gite.fr\/wp-content\/uploads\/2022\/02\/cropped-logo_transparent_background.png","width":3070,"height":1216,"caption":"G\u00eete Ard\u00e9che"},"image":{"@id":"https:\/\/sud-ardeche-gite.fr\/#\/schema\/logo\/image\/"}}]}},"_links":{"self":[{"href":"https:\/\/sud-ardeche-gite.fr\/index.php\/wp-json\/wp\/v2\/pages\/9","targetHints":{"allow":["GET"]}}],"collection":[{"href":"https:\/\/sud-ardeche-gite.fr\/index.php\/wp-json\/wp\/v2\/pages"}],"about":[{"href":"https:\/\/sud-ardeche-gite.fr\/index.php\/wp-json\/wp\/v2\/types\/page"}],"author":[{"embeddable":true,"href":"https:\/\/sud-ardeche-gite.fr\/index.php\/wp-json\/wp\/v2\/users\/1"}],"replies":[{"embeddable":true,"href":"https:\/\/sud-ardeche-gite.fr\/index.php\/wp-json\/wp\/v2\/comments?post=9"}],"version-history":[{"count":18,"href":"https:\/\/sud-ardeche-gite.fr\/index.php\/wp-json\/wp\/v2\/pages\/9\/revisions"}],"predecessor-version":[{"id":335,"href":"https:\/\/sud-ardeche-gite.fr\/index.php\/wp-json\/wp\/v2\/pages\/9\/revisions\/335"}],"wp:attachment":[{"href":"https:\/\/sud-ardeche-gite.fr\/index.php\/wp-json\/wp\/v2\/media?parent=9"}],"curies":[{"name":"wp","href":"https:\/\/api.w.org\/{rel}","templated":true}]}}