{"id":17,"date":"2021-12-28T11:58:41","date_gmt":"2021-12-28T10:58:41","guid":{"rendered":"http:\/\/sud-ardeche-gite.fr\/?page_id=17"},"modified":"2023-12-18T16:45:03","modified_gmt":"2023-12-18T15:45:03","slug":"sud-ardeche-gite","status":"publish","type":"page","link":"https:\/\/sud-ardeche-gite.fr\/","title":{"rendered":"Accueil"},"content":{"rendered":"\n<p class=\"has-text-align-center\">Accueil<\/p>\n\n\n\n<p class=\"has-text-align-center\">&#8212;&#8212;&#8212;&#8212;&#8212;&#8212;&#8212;&#8212;&#8211;<\/p>\n\n\n\n<p><\/p>\n\n\n<div class=\"wp-block-image\">\n<figure class=\"aligncenter size-large\"><img loading=\"lazy\" decoding=\"async\" width=\"1024\" height=\"452\" src=\"https:\/\/sud-ardeche-gite.fr\/wp-content\/uploads\/2022\/01\/dark_logo_transparent_background-1024x452.png\" alt=\"\" class=\"wp-image-79\" srcset=\"https:\/\/sud-ardeche-gite.fr\/wp-content\/uploads\/2022\/01\/dark_logo_transparent_background-1024x452.png 1024w, https:\/\/sud-ardeche-gite.fr\/wp-content\/uploads\/2022\/01\/dark_logo_transparent_background-300x132.png 300w, https:\/\/sud-ardeche-gite.fr\/wp-content\/uploads\/2022\/01\/dark_logo_transparent_background-768x339.png 768w, https:\/\/sud-ardeche-gite.fr\/wp-content\/uploads\/2022\/01\/dark_logo_transparent_background-1536x678.png 1536w, https:\/\/sud-ardeche-gite.fr\/wp-content\/uploads\/2022\/01\/dark_logo_transparent_background-2048x904.png 2048w, https:\/\/sud-ardeche-gite.fr\/wp-content\/uploads\/2022\/01\/dark_logo_transparent_background-370x163.png 370w, https:\/\/sud-ardeche-gite.fr\/wp-content\/uploads\/2022\/01\/dark_logo_transparent_background-760x336.png 760w, https:\/\/sud-ardeche-gite.fr\/wp-content\/uploads\/2022\/01\/dark_logo_transparent_background-622x275.png 622w\" sizes=\"auto, (max-width: 1024px) 100vw, 1024px\" \/><\/figure>\n<\/div>\n\n\n<p class=\"has-text-align-center\"><strong><mark style=\"background-color:rgba(0, 0, 0, 0)\" class=\"has-inline-color has-vivid-red-color\">SITE INTERNET EN CONSTRUCTION<\/mark><\/strong><\/p>\n\n\n\n<p class=\"has-text-align-center\"><strong><mark style=\"background-color:rgba(0, 0, 0, 0)\" class=\"has-inline-color has-vivid-red-color\">Les r\u00e9servations ne seront pas effectives le temps de la construction du site<\/mark><\/strong><\/p>\n\n\n\n<p class=\"has-text-align-center\" style=\"font-size:29px;font-style:italic;font-weight:900\"><strong>Bienvenue \u00e0 Uzer Village en Sud Ard\u00e8che !<\/strong><\/p>\n\n\n\n<p class=\"has-text-align-center\">Nous avons le plaisir de vous accueillir dans nos deux G\u00eetes cosy am\u00e9nag\u00e9s pour vous accueillir dans un cadre douillet.<br>Ils se situent au rez-de-chauss\u00e9e de notre maison familiale. Pas de crainte, l&rsquo;isolation !<\/p>\n\n\n\n<p class=\"has-text-align-center\">Entr\u00e9es ind\u00e9pendantes par une cour fleurie.<\/p>\n\n\n\n<p class=\"has-text-align-center\">A moins 1 km du centre du village ou vous trouverez les commerces de premi\u00e8res n\u00e9cessit\u00e9s; un proxy, une agence postale, une pizz\u00e9ria, un restaurant ainsi qu&rsquo;un salon de coiffure.<br>Situ\u00e9s id\u00e9alement pour vous faire profiter des tr\u00e9sors de l&rsquo;Ard\u00e8che m\u00e9ridionale : \u00e0 9 min du magnifique village de Balazuc label \u00ab\u00a0plus beaux de France\u00a0\u00bb avec sa plage (de sable), le village de Labeaume avec son jardin suspendu et ses dolmens, Ch\u00e2teau de Largentiere, les Gorges de l&rsquo;Ard\u00e8che, sa Grotte Chauvet et nombreux autres \u00e9merveillements !<\/p>\n\n\n\n<p class=\"has-text-align-right\">Jane et Yannick<\/p>\n\n\n\n<figure class=\"wp-block-gallery has-nested-images columns-5 is-cropped wp-block-gallery-1 is-layout-flex wp-block-gallery-is-layout-flex\">\n<figure class=\"wp-block-image size-large\"><img loading=\"lazy\" decoding=\"async\" width=\"1920\" height=\"2560\" data-id=\"220\" src=\"https:\/\/sud-ardeche-gite.fr\/wp-content\/uploads\/2022\/02\/IMG_20210630_141457-scaled.jpg\" alt=\"\" class=\"wp-image-220\" srcset=\"https:\/\/sud-ardeche-gite.fr\/wp-content\/uploads\/2022\/02\/IMG_20210630_141457-scaled.jpg 1920w, https:\/\/sud-ardeche-gite.fr\/wp-content\/uploads\/2022\/02\/IMG_20210630_141457-225x300.jpg 225w, https:\/\/sud-ardeche-gite.fr\/wp-content\/uploads\/2022\/02\/IMG_20210630_141457-768x1024.jpg 768w, https:\/\/sud-ardeche-gite.fr\/wp-content\/uploads\/2022\/02\/IMG_20210630_141457-1152x1536.jpg 1152w, https:\/\/sud-ardeche-gite.fr\/wp-content\/uploads\/2022\/02\/IMG_20210630_141457-1536x2048.jpg 1536w, https:\/\/sud-ardeche-gite.fr\/wp-content\/uploads\/2022\/02\/IMG_20210630_141457-370x493.jpg 370w, https:\/\/sud-ardeche-gite.fr\/wp-content\/uploads\/2022\/02\/IMG_20210630_141457-760x1013.jpg 760w, https:\/\/sud-ardeche-gite.fr\/wp-content\/uploads\/2022\/02\/IMG_20210630_141457-622x829.jpg 622w\" sizes=\"auto, (max-width: 1920px) 100vw, 1920px\" \/><figcaption class=\"wp-element-caption\">Ext\u00e9rieur<\/figcaption><\/figure>\n\n\n\n<figure class=\"wp-block-image size-large\"><img loading=\"lazy\" decoding=\"async\" width=\"2560\" height=\"1920\" data-id=\"221\" src=\"https:\/\/sud-ardeche-gite.fr\/wp-content\/uploads\/2022\/02\/IMG_20210630_142114-scaled.jpg\" alt=\"\" class=\"wp-image-221\" srcset=\"https:\/\/sud-ardeche-gite.fr\/wp-content\/uploads\/2022\/02\/IMG_20210630_142114-scaled.jpg 2560w, https:\/\/sud-ardeche-gite.fr\/wp-content\/uploads\/2022\/02\/IMG_20210630_142114-300x225.jpg 300w, https:\/\/sud-ardeche-gite.fr\/wp-content\/uploads\/2022\/02\/IMG_20210630_142114-1024x768.jpg 1024w, https:\/\/sud-ardeche-gite.fr\/wp-content\/uploads\/2022\/02\/IMG_20210630_142114-768x576.jpg 768w, https:\/\/sud-ardeche-gite.fr\/wp-content\/uploads\/2022\/02\/IMG_20210630_142114-1536x1152.jpg 1536w, https:\/\/sud-ardeche-gite.fr\/wp-content\/uploads\/2022\/02\/IMG_20210630_142114-2048x1536.jpg 2048w, https:\/\/sud-ardeche-gite.fr\/wp-content\/uploads\/2022\/02\/IMG_20210630_142114-370x278.jpg 370w, https:\/\/sud-ardeche-gite.fr\/wp-content\/uploads\/2022\/02\/IMG_20210630_142114-760x570.jpg 760w, https:\/\/sud-ardeche-gite.fr\/wp-content\/uploads\/2022\/02\/IMG_20210630_142114-622x467.jpg 622w\" sizes=\"auto, (max-width: 2560px) 100vw, 2560px\" \/><figcaption class=\"wp-element-caption\">Ext\u00e9rieur<\/figcaption><\/figure>\n\n\n\n<figure class=\"wp-block-image size-large\"><img loading=\"lazy\" decoding=\"async\" width=\"2560\" height=\"1741\" data-id=\"218\" src=\"https:\/\/sud-ardeche-gite.fr\/wp-content\/uploads\/2022\/02\/IMG_20210630_141357_edit_13264655444329-scaled.jpg\" alt=\"\" class=\"wp-image-218\" srcset=\"https:\/\/sud-ardeche-gite.fr\/wp-content\/uploads\/2022\/02\/IMG_20210630_141357_edit_13264655444329-scaled.jpg 2560w, https:\/\/sud-ardeche-gite.fr\/wp-content\/uploads\/2022\/02\/IMG_20210630_141357_edit_13264655444329-300x204.jpg 300w, https:\/\/sud-ardeche-gite.fr\/wp-content\/uploads\/2022\/02\/IMG_20210630_141357_edit_13264655444329-1024x696.jpg 1024w, https:\/\/sud-ardeche-gite.fr\/wp-content\/uploads\/2022\/02\/IMG_20210630_141357_edit_13264655444329-768x522.jpg 768w, https:\/\/sud-ardeche-gite.fr\/wp-content\/uploads\/2022\/02\/IMG_20210630_141357_edit_13264655444329-1536x1045.jpg 1536w, https:\/\/sud-ardeche-gite.fr\/wp-content\/uploads\/2022\/02\/IMG_20210630_141357_edit_13264655444329-2048x1393.jpg 2048w, https:\/\/sud-ardeche-gite.fr\/wp-content\/uploads\/2022\/02\/IMG_20210630_141357_edit_13264655444329-370x252.jpg 370w, https:\/\/sud-ardeche-gite.fr\/wp-content\/uploads\/2022\/02\/IMG_20210630_141357_edit_13264655444329-760x517.jpg 760w, https:\/\/sud-ardeche-gite.fr\/wp-content\/uploads\/2022\/02\/IMG_20210630_141357_edit_13264655444329-622x423.jpg 622w\" sizes=\"auto, (max-width: 2560px) 100vw, 2560px\" \/><figcaption class=\"wp-element-caption\">Ext\u00e9rieur<\/figcaption><\/figure>\n\n\n\n<figure class=\"wp-block-image size-large\"><img loading=\"lazy\" decoding=\"async\" width=\"1920\" height=\"2560\" data-id=\"219\" src=\"https:\/\/sud-ardeche-gite.fr\/wp-content\/uploads\/2022\/02\/IMG_20210630_141452-scaled.jpg\" alt=\"\" class=\"wp-image-219\" srcset=\"https:\/\/sud-ardeche-gite.fr\/wp-content\/uploads\/2022\/02\/IMG_20210630_141452-scaled.jpg 1920w, https:\/\/sud-ardeche-gite.fr\/wp-content\/uploads\/2022\/02\/IMG_20210630_141452-225x300.jpg 225w, https:\/\/sud-ardeche-gite.fr\/wp-content\/uploads\/2022\/02\/IMG_20210630_141452-768x1024.jpg 768w, https:\/\/sud-ardeche-gite.fr\/wp-content\/uploads\/2022\/02\/IMG_20210630_141452-1152x1536.jpg 1152w, https:\/\/sud-ardeche-gite.fr\/wp-content\/uploads\/2022\/02\/IMG_20210630_141452-1536x2048.jpg 1536w, https:\/\/sud-ardeche-gite.fr\/wp-content\/uploads\/2022\/02\/IMG_20210630_141452-370x493.jpg 370w, https:\/\/sud-ardeche-gite.fr\/wp-content\/uploads\/2022\/02\/IMG_20210630_141452-760x1013.jpg 760w, https:\/\/sud-ardeche-gite.fr\/wp-content\/uploads\/2022\/02\/IMG_20210630_141452-622x829.jpg 622w\" sizes=\"auto, (max-width: 1920px) 100vw, 1920px\" \/><figcaption class=\"wp-element-caption\">Ext\u00e9rieur<\/figcaption><\/figure>\n\n\n\n<figure class=\"wp-block-image size-large\"><img loading=\"lazy\" decoding=\"async\" width=\"1920\" height=\"2560\" data-id=\"217\" src=\"https:\/\/sud-ardeche-gite.fr\/wp-content\/uploads\/2022\/02\/IMG_20210630_141310_edit_13321394120362-scaled.jpg\" alt=\"\" class=\"wp-image-217\" srcset=\"https:\/\/sud-ardeche-gite.fr\/wp-content\/uploads\/2022\/02\/IMG_20210630_141310_edit_13321394120362-scaled.jpg 1920w, https:\/\/sud-ardeche-gite.fr\/wp-content\/uploads\/2022\/02\/IMG_20210630_141310_edit_13321394120362-225x300.jpg 225w, https:\/\/sud-ardeche-gite.fr\/wp-content\/uploads\/2022\/02\/IMG_20210630_141310_edit_13321394120362-768x1024.jpg 768w, https:\/\/sud-ardeche-gite.fr\/wp-content\/uploads\/2022\/02\/IMG_20210630_141310_edit_13321394120362-1152x1536.jpg 1152w, https:\/\/sud-ardeche-gite.fr\/wp-content\/uploads\/2022\/02\/IMG_20210630_141310_edit_13321394120362-1536x2048.jpg 1536w, https:\/\/sud-ardeche-gite.fr\/wp-content\/uploads\/2022\/02\/IMG_20210630_141310_edit_13321394120362-370x493.jpg 370w, https:\/\/sud-ardeche-gite.fr\/wp-content\/uploads\/2022\/02\/IMG_20210630_141310_edit_13321394120362-760x1013.jpg 760w, https:\/\/sud-ardeche-gite.fr\/wp-content\/uploads\/2022\/02\/IMG_20210630_141310_edit_13321394120362-622x829.jpg 622w\" sizes=\"auto, (max-width: 1920px) 100vw, 1920px\" \/><figcaption class=\"wp-element-caption\">Ext\u00e9rieur<\/figcaption><\/figure>\n<\/figure>\n\n\n\n<hr class=\"wp-block-separator has-alpha-channel-opacity\"\/>\n","protected":false},"excerpt":{"rendered":"<p>Accueil &#8212;&#8212;&#8212;&#8212;&#8212;&#8212;&#8212;&#8212;&#8211; SITE INTERNET EN CONSTRUCTION Les r\u00e9servations ne seront pas effectives le temps de la construction du site Bienvenue \u00e0 Uzer Village en Sud Ard\u00e8che ! Nous avons le plaisir de vous accueillir dans nos deux G\u00eetes cosy am\u00e9nag\u00e9s pour vous accueillir dans un&hellip;<\/p>\n","protected":false},"author":1,"featured_media":0,"parent":0,"menu_order":0,"comment_status":"closed","ping_status":"closed","template":"","meta":{"footnotes":""},"class_list":["post-17","page","type-page","status-publish","hentry"],"yoast_head":"<!-- This site is optimized with the Yoast SEO plugin v27.3 - https:\/\/yoast.com\/product\/yoast-seo-wordpress\/ -->\n<title>Location g\u00eete en sud Ard\u00e8che<\/title>\n<meta name=\"robots\" content=\"noindex, follow, max-snippet:-1, max-image-preview:large, max-video-preview:-1\" \/>\n<meta property=\"og:locale\" content=\"fr_FR\" \/>\n<meta property=\"og:type\" content=\"article\" \/>\n<meta property=\"og:title\" content=\"Location g\u00eete en sud Ard\u00e8che\" \/>\n<meta property=\"og:description\" content=\"Accueil &#8212;&#8212;&#8212;&#8212;&#8212;&#8212;&#8212;&#8212;&#8211; SITE INTERNET EN CONSTRUCTION Les r\u00e9servations ne seront pas effectives le temps de la construction du site Bienvenue \u00e0 Uzer Village en Sud Ard\u00e8che ! Nous avons le plaisir de vous accueillir dans nos deux G\u00eetes cosy am\u00e9nag\u00e9s pour vous accueillir dans un&hellip;\" \/>\n<meta property=\"og:url\" content=\"https:\/\/sud-ardeche-gite.fr\/\" \/>\n<meta property=\"og:site_name\" content=\"G\u00eete Ard\u00e9che\" \/>\n<meta property=\"article:modified_time\" content=\"2023-12-18T15:45:03+00:00\" \/>\n<meta property=\"og:image\" content=\"http:\/\/sud-ardeche-gite.fr\/wp-content\/uploads\/2022\/01\/dark_logo_transparent_background-1024x452.png\" \/>\n<meta name=\"twitter:card\" content=\"summary_large_image\" \/>\n<meta name=\"twitter:label1\" content=\"Dur\u00e9e de lecture estim\u00e9e\" \/>\n\t<meta name=\"twitter:data1\" content=\"2 minutes\" \/>\n<script type=\"application\/ld+json\" class=\"yoast-schema-graph\">{\"@context\":\"https:\\\/\\\/schema.org\",\"@graph\":[{\"@type\":\"WebPage\",\"@id\":\"https:\\\/\\\/sud-ardeche-gite.fr\\\/\",\"url\":\"https:\\\/\\\/sud-ardeche-gite.fr\\\/\",\"name\":\"Location g\u00eete en sud Ard\u00e8che\",\"isPartOf\":{\"@id\":\"https:\\\/\\\/sud-ardeche-gite.fr\\\/#website\"},\"primaryImageOfPage\":{\"@id\":\"https:\\\/\\\/sud-ardeche-gite.fr\\\/#primaryimage\"},\"image\":{\"@id\":\"https:\\\/\\\/sud-ardeche-gite.fr\\\/#primaryimage\"},\"thumbnailUrl\":\"http:\\\/\\\/sud-ardeche-gite.fr\\\/wp-content\\\/uploads\\\/2022\\\/01\\\/dark_logo_transparent_background-1024x452.png\",\"datePublished\":\"2021-12-28T10:58:41+00:00\",\"dateModified\":\"2023-12-18T15:45:03+00:00\",\"breadcrumb\":{\"@id\":\"https:\\\/\\\/sud-ardeche-gite.fr\\\/#breadcrumb\"},\"inLanguage\":\"fr-FR\",\"potentialAction\":[{\"@type\":\"ReadAction\",\"target\":[\"https:\\\/\\\/sud-ardeche-gite.fr\\\/\"]}]},{\"@type\":\"ImageObject\",\"inLanguage\":\"fr-FR\",\"@id\":\"https:\\\/\\\/sud-ardeche-gite.fr\\\/#primaryimage\",\"url\":\"http:\\\/\\\/sud-ardeche-gite.fr\\\/wp-content\\\/uploads\\\/2022\\\/01\\\/dark_logo_transparent_background-1024x452.png\",\"contentUrl\":\"http:\\\/\\\/sud-ardeche-gite.fr\\\/wp-content\\\/uploads\\\/2022\\\/01\\\/dark_logo_transparent_background-1024x452.png\"},{\"@type\":\"BreadcrumbList\",\"@id\":\"https:\\\/\\\/sud-ardeche-gite.fr\\\/#breadcrumb\",\"itemListElement\":[{\"@type\":\"ListItem\",\"position\":1,\"name\":\"Home\",\"item\":\"https:\\\/\\\/sud-ardeche-gite.fr\\\/\"},{\"@type\":\"ListItem\",\"position\":2,\"name\":\"Accueil\"}]},{\"@type\":\"WebSite\",\"@id\":\"https:\\\/\\\/sud-ardeche-gite.fr\\\/#website\",\"url\":\"https:\\\/\\\/sud-ardeche-gite.fr\\\/\",\"name\":\"G\u00eete Ard\u00e9che\",\"description\":\"Gite hebergement en sud Ardeche\",\"publisher\":{\"@id\":\"https:\\\/\\\/sud-ardeche-gite.fr\\\/#organization\"},\"potentialAction\":[{\"@type\":\"SearchAction\",\"target\":{\"@type\":\"EntryPoint\",\"urlTemplate\":\"https:\\\/\\\/sud-ardeche-gite.fr\\\/?s={search_term_string}\"},\"query-input\":{\"@type\":\"PropertyValueSpecification\",\"valueRequired\":true,\"valueName\":\"search_term_string\"}}],\"inLanguage\":\"fr-FR\"},{\"@type\":\"Organization\",\"@id\":\"https:\\\/\\\/sud-ardeche-gite.fr\\\/#organization\",\"name\":\"G\u00eete Ard\u00e9che\",\"url\":\"https:\\\/\\\/sud-ardeche-gite.fr\\\/\",\"logo\":{\"@type\":\"ImageObject\",\"inLanguage\":\"fr-FR\",\"@id\":\"https:\\\/\\\/sud-ardeche-gite.fr\\\/#\\\/schema\\\/logo\\\/image\\\/\",\"url\":\"https:\\\/\\\/sud-ardeche-gite.fr\\\/wp-content\\\/uploads\\\/2022\\\/02\\\/cropped-logo_transparent_background.png\",\"contentUrl\":\"https:\\\/\\\/sud-ardeche-gite.fr\\\/wp-content\\\/uploads\\\/2022\\\/02\\\/cropped-logo_transparent_background.png\",\"width\":3070,\"height\":1216,\"caption\":\"G\u00eete Ard\u00e9che\"},\"image\":{\"@id\":\"https:\\\/\\\/sud-ardeche-gite.fr\\\/#\\\/schema\\\/logo\\\/image\\\/\"}}]}<\/script>\n<!-- \/ Yoast SEO plugin. -->","yoast_head_json":{"title":"Location g\u00eete en sud Ard\u00e8che","robots":{"index":"noindex","follow":"follow","max-snippet":"max-snippet:-1","max-image-preview":"max-image-preview:large","max-video-preview":"max-video-preview:-1"},"og_locale":"fr_FR","og_type":"article","og_title":"Location g\u00eete en sud Ard\u00e8che","og_description":"Accueil &#8212;&#8212;&#8212;&#8212;&#8212;&#8212;&#8212;&#8212;&#8211; SITE INTERNET EN CONSTRUCTION Les r\u00e9servations ne seront pas effectives le temps de la construction du site Bienvenue \u00e0 Uzer Village en Sud Ard\u00e8che ! Nous avons le plaisir de vous accueillir dans nos deux G\u00eetes cosy am\u00e9nag\u00e9s pour vous accueillir dans un&hellip;","og_url":"https:\/\/sud-ardeche-gite.fr\/","og_site_name":"G\u00eete Ard\u00e9che","article_modified_time":"2023-12-18T15:45:03+00:00","og_image":[{"url":"http:\/\/sud-ardeche-gite.fr\/wp-content\/uploads\/2022\/01\/dark_logo_transparent_background-1024x452.png","type":"","width":"","height":""}],"twitter_card":"summary_large_image","twitter_misc":{"Dur\u00e9e de lecture estim\u00e9e":"2 minutes"},"schema":{"@context":"https:\/\/schema.org","@graph":[{"@type":"WebPage","@id":"https:\/\/sud-ardeche-gite.fr\/","url":"https:\/\/sud-ardeche-gite.fr\/","name":"Location g\u00eete en sud Ard\u00e8che","isPartOf":{"@id":"https:\/\/sud-ardeche-gite.fr\/#website"},"primaryImageOfPage":{"@id":"https:\/\/sud-ardeche-gite.fr\/#primaryimage"},"image":{"@id":"https:\/\/sud-ardeche-gite.fr\/#primaryimage"},"thumbnailUrl":"http:\/\/sud-ardeche-gite.fr\/wp-content\/uploads\/2022\/01\/dark_logo_transparent_background-1024x452.png","datePublished":"2021-12-28T10:58:41+00:00","dateModified":"2023-12-18T15:45:03+00:00","breadcrumb":{"@id":"https:\/\/sud-ardeche-gite.fr\/#breadcrumb"},"inLanguage":"fr-FR","potentialAction":[{"@type":"ReadAction","target":["https:\/\/sud-ardeche-gite.fr\/"]}]},{"@type":"ImageObject","inLanguage":"fr-FR","@id":"https:\/\/sud-ardeche-gite.fr\/#primaryimage","url":"http:\/\/sud-ardeche-gite.fr\/wp-content\/uploads\/2022\/01\/dark_logo_transparent_background-1024x452.png","contentUrl":"http:\/\/sud-ardeche-gite.fr\/wp-content\/uploads\/2022\/01\/dark_logo_transparent_background-1024x452.png"},{"@type":"BreadcrumbList","@id":"https:\/\/sud-ardeche-gite.fr\/#breadcrumb","itemListElement":[{"@type":"ListItem","position":1,"name":"Home","item":"https:\/\/sud-ardeche-gite.fr\/"},{"@type":"ListItem","position":2,"name":"Accueil"}]},{"@type":"WebSite","@id":"https:\/\/sud-ardeche-gite.fr\/#website","url":"https:\/\/sud-ardeche-gite.fr\/","name":"G\u00eete Ard\u00e9che","description":"Gite hebergement en sud Ardeche","publisher":{"@id":"https:\/\/sud-ardeche-gite.fr\/#organization"},"potentialAction":[{"@type":"SearchAction","target":{"@type":"EntryPoint","urlTemplate":"https:\/\/sud-ardeche-gite.fr\/?s={search_term_string}"},"query-input":{"@type":"PropertyValueSpecification","valueRequired":true,"valueName":"search_term_string"}}],"inLanguage":"fr-FR"},{"@type":"Organization","@id":"https:\/\/sud-ardeche-gite.fr\/#organization","name":"G\u00eete Ard\u00e9che","url":"https:\/\/sud-ardeche-gite.fr\/","logo":{"@type":"ImageObject","inLanguage":"fr-FR","@id":"https:\/\/sud-ardeche-gite.fr\/#\/schema\/logo\/image\/","url":"https:\/\/sud-ardeche-gite.fr\/wp-content\/uploads\/2022\/02\/cropped-logo_transparent_background.png","contentUrl":"https:\/\/sud-ardeche-gite.fr\/wp-content\/uploads\/2022\/02\/cropped-logo_transparent_background.png","width":3070,"height":1216,"caption":"G\u00eete Ard\u00e9che"},"image":{"@id":"https:\/\/sud-ardeche-gite.fr\/#\/schema\/logo\/image\/"}}]}},"_links":{"self":[{"href":"https:\/\/sud-ardeche-gite.fr\/index.php\/wp-json\/wp\/v2\/pages\/17","targetHints":{"allow":["GET"]}}],"collection":[{"href":"https:\/\/sud-ardeche-gite.fr\/index.php\/wp-json\/wp\/v2\/pages"}],"about":[{"href":"https:\/\/sud-ardeche-gite.fr\/index.php\/wp-json\/wp\/v2\/types\/page"}],"author":[{"embeddable":true,"href":"https:\/\/sud-ardeche-gite.fr\/index.php\/wp-json\/wp\/v2\/users\/1"}],"replies":[{"embeddable":true,"href":"https:\/\/sud-ardeche-gite.fr\/index.php\/wp-json\/wp\/v2\/comments?post=17"}],"version-history":[{"count":38,"href":"https:\/\/sud-ardeche-gite.fr\/index.php\/wp-json\/wp\/v2\/pages\/17\/revisions"}],"predecessor-version":[{"id":338,"href":"https:\/\/sud-ardeche-gite.fr\/index.php\/wp-json\/wp\/v2\/pages\/17\/revisions\/338"}],"wp:attachment":[{"href":"https:\/\/sud-ardeche-gite.fr\/index.php\/wp-json\/wp\/v2\/media?parent=17"}],"curies":[{"name":"wp","href":"https:\/\/api.w.org\/{rel}","templated":true}]}}