{"id":15,"date":"2021-12-28T11:57:58","date_gmt":"2021-12-28T10:57:58","guid":{"rendered":"http:\/\/sud-ardeche-gite.fr\/?page_id=15"},"modified":"2021-12-28T12:16:27","modified_gmt":"2021-12-28T11:16:27","slug":"formulaire-contact","status":"publish","type":"page","link":"https:\/\/sud-ardeche-gite.fr\/index.php\/formulaire-contact\/","title":{"rendered":"Contact"},"content":{"rendered":"\n<div class=\"wp-block-contact-form-7-contact-form-selector\">\n<div class=\"wpcf7 no-js\" id=\"wpcf7-f5-o1\" lang=\"fr-FR\" dir=\"ltr\" data-wpcf7-id=\"5\">\n<div class=\"screen-reader-response\"><p role=\"status\" aria-live=\"polite\" aria-atomic=\"true\"><\/p> <ul><\/ul><\/div>\n<form action=\"\/index.php\/wp-json\/wp\/v2\/pages\/15#wpcf7-f5-o1\" method=\"post\" class=\"wpcf7-form init\" aria-label=\"Formulaire de contact\" novalidate=\"novalidate\" data-status=\"init\">\n<fieldset class=\"hidden-fields-container\"><input type=\"hidden\" name=\"_wpcf7\" value=\"5\" \/><input type=\"hidden\" name=\"_wpcf7_version\" value=\"6.1.5\" \/><input type=\"hidden\" name=\"_wpcf7_locale\" value=\"fr_FR\" \/><input type=\"hidden\" name=\"_wpcf7_unit_tag\" value=\"wpcf7-f5-o1\" \/><input type=\"hidden\" name=\"_wpcf7_container_post\" value=\"0\" \/><input type=\"hidden\" name=\"_wpcf7_posted_data_hash\" value=\"\" \/>\n<\/fieldset>\n<p><label> Votre nom<br \/>\n<span class=\"wpcf7-form-control-wrap\" data-name=\"your-name\"><input size=\"40\" maxlength=\"400\" class=\"wpcf7-form-control wpcf7-text wpcf7-validates-as-required\" aria-required=\"true\" aria-invalid=\"false\" value=\"\" type=\"text\" name=\"your-name\" \/><\/span> <\/label>\n<\/p>\n<p><label> Votre e-mail<br \/>\n<span class=\"wpcf7-form-control-wrap\" data-name=\"your-email\"><input size=\"40\" maxlength=\"400\" class=\"wpcf7-form-control wpcf7-email wpcf7-validates-as-required wpcf7-text wpcf7-validates-as-email\" aria-required=\"true\" aria-invalid=\"false\" value=\"\" type=\"email\" name=\"your-email\" \/><\/span> <\/label>\n<\/p>\n<p><label> Votre numero de telephone<br \/>\n<span class=\"wpcf7-form-control-wrap\" data-name=\"tel-433\"><input size=\"40\" maxlength=\"400\" class=\"wpcf7-form-control wpcf7-tel wpcf7-validates-as-required wpcf7-text wpcf7-validates-as-tel\" aria-required=\"true\" aria-invalid=\"false\" value=\"\" type=\"tel\" name=\"tel-433\" \/><\/span><\/label>\n<\/p>\n<p><label> Objet<br \/>\n<span class=\"wpcf7-form-control-wrap\" data-name=\"your-subject\"><input size=\"40\" maxlength=\"400\" class=\"wpcf7-form-control wpcf7-text wpcf7-validates-as-required\" aria-required=\"true\" aria-invalid=\"false\" value=\"\" type=\"text\" name=\"your-subject\" \/><\/span> <\/label>\n<\/p>\n<p><label> Votre message (facultatif)<br \/>\n<span class=\"wpcf7-form-control-wrap\" data-name=\"your-message\"><textarea cols=\"40\" rows=\"10\" maxlength=\"2000\" class=\"wpcf7-form-control wpcf7-textarea\" aria-invalid=\"false\" name=\"your-message\"><\/textarea><\/span> <\/label>\n<\/p>\n<p><input class=\"wpcf7-form-control wpcf7-submit has-spinner\" type=\"submit\" value=\"Envoyer\" \/>\n<\/p><p style=\"display: none !important;\"><label>&#916;<textarea name=\"_wpcf7_ak_hp_textarea\" cols=\"45\" rows=\"8\" maxlength=\"100\"><\/textarea><\/label><input type=\"hidden\" id=\"ak_js_1\" name=\"_wpcf7_ak_js\" value=\"106\"\/><script>document.getElementById( \"ak_js_1\" ).setAttribute( \"value\", ( new Date() ).getTime() );<\/script><\/p><div class=\"wpcf7-response-output\" aria-hidden=\"true\"><\/div>\n<\/form>\n<\/div>\n<\/div>\n","protected":false},"excerpt":{"rendered":"","protected":false},"author":1,"featured_media":0,"parent":0,"menu_order":0,"comment_status":"closed","ping_status":"closed","template":"","meta":{"footnotes":""},"class_list":["post-15","page","type-page","status-publish","hentry"],"yoast_head":"<!-- This site is optimized with the Yoast SEO plugin v27.3 - https:\/\/yoast.com\/product\/yoast-seo-wordpress\/ -->\n<title>Contact - G\u00eete Ard\u00e9che<\/title>\n<meta name=\"robots\" content=\"noindex, follow, max-snippet:-1, max-image-preview:large, max-video-preview:-1\" \/>\n<meta property=\"og:locale\" content=\"fr_FR\" \/>\n<meta property=\"og:type\" content=\"article\" \/>\n<meta property=\"og:title\" content=\"Contact - G\u00eete Ard\u00e9che\" \/>\n<meta property=\"og:url\" content=\"https:\/\/sud-ardeche-gite.fr\/index.php\/formulaire-contact\/\" \/>\n<meta property=\"og:site_name\" content=\"G\u00eete Ard\u00e9che\" \/>\n<meta property=\"article:modified_time\" content=\"2021-12-28T11:16:27+00:00\" \/>\n<meta name=\"twitter:card\" content=\"summary_large_image\" \/>\n<meta name=\"twitter:label1\" content=\"Dur\u00e9e de lecture estim\u00e9e\" \/>\n\t<meta name=\"twitter:data1\" content=\"1 minute\" \/>\n<script type=\"application\/ld+json\" class=\"yoast-schema-graph\">{\"@context\":\"https:\\\/\\\/schema.org\",\"@graph\":[{\"@type\":\"WebPage\",\"@id\":\"https:\\\/\\\/sud-ardeche-gite.fr\\\/index.php\\\/formulaire-contact\\\/\",\"url\":\"https:\\\/\\\/sud-ardeche-gite.fr\\\/index.php\\\/formulaire-contact\\\/\",\"name\":\"Contact - G\u00eete Ard\u00e9che\",\"isPartOf\":{\"@id\":\"https:\\\/\\\/sud-ardeche-gite.fr\\\/#website\"},\"datePublished\":\"2021-12-28T10:57:58+00:00\",\"dateModified\":\"2021-12-28T11:16:27+00:00\",\"breadcrumb\":{\"@id\":\"https:\\\/\\\/sud-ardeche-gite.fr\\\/index.php\\\/formulaire-contact\\\/#breadcrumb\"},\"inLanguage\":\"fr-FR\",\"potentialAction\":[{\"@type\":\"ReadAction\",\"target\":[\"https:\\\/\\\/sud-ardeche-gite.fr\\\/index.php\\\/formulaire-contact\\\/\"]}]},{\"@type\":\"BreadcrumbList\",\"@id\":\"https:\\\/\\\/sud-ardeche-gite.fr\\\/index.php\\\/formulaire-contact\\\/#breadcrumb\",\"itemListElement\":[{\"@type\":\"ListItem\",\"position\":1,\"name\":\"Home\",\"item\":\"https:\\\/\\\/sud-ardeche-gite.fr\\\/\"},{\"@type\":\"ListItem\",\"position\":2,\"name\":\"Contact\"}]},{\"@type\":\"WebSite\",\"@id\":\"https:\\\/\\\/sud-ardeche-gite.fr\\\/#website\",\"url\":\"https:\\\/\\\/sud-ardeche-gite.fr\\\/\",\"name\":\"G\u00eete Ard\u00e9che\",\"description\":\"Gite hebergement en sud Ardeche\",\"publisher\":{\"@id\":\"https:\\\/\\\/sud-ardeche-gite.fr\\\/#organization\"},\"potentialAction\":[{\"@type\":\"SearchAction\",\"target\":{\"@type\":\"EntryPoint\",\"urlTemplate\":\"https:\\\/\\\/sud-ardeche-gite.fr\\\/?s={search_term_string}\"},\"query-input\":{\"@type\":\"PropertyValueSpecification\",\"valueRequired\":true,\"valueName\":\"search_term_string\"}}],\"inLanguage\":\"fr-FR\"},{\"@type\":\"Organization\",\"@id\":\"https:\\\/\\\/sud-ardeche-gite.fr\\\/#organization\",\"name\":\"G\u00eete Ard\u00e9che\",\"url\":\"https:\\\/\\\/sud-ardeche-gite.fr\\\/\",\"logo\":{\"@type\":\"ImageObject\",\"inLanguage\":\"fr-FR\",\"@id\":\"https:\\\/\\\/sud-ardeche-gite.fr\\\/#\\\/schema\\\/logo\\\/image\\\/\",\"url\":\"https:\\\/\\\/sud-ardeche-gite.fr\\\/wp-content\\\/uploads\\\/2022\\\/02\\\/cropped-logo_transparent_background.png\",\"contentUrl\":\"https:\\\/\\\/sud-ardeche-gite.fr\\\/wp-content\\\/uploads\\\/2022\\\/02\\\/cropped-logo_transparent_background.png\",\"width\":3070,\"height\":1216,\"caption\":\"G\u00eete Ard\u00e9che\"},\"image\":{\"@id\":\"https:\\\/\\\/sud-ardeche-gite.fr\\\/#\\\/schema\\\/logo\\\/image\\\/\"}}]}<\/script>\n<!-- \/ Yoast SEO plugin. -->","yoast_head_json":{"title":"Contact - G\u00eete Ard\u00e9che","robots":{"index":"noindex","follow":"follow","max-snippet":"max-snippet:-1","max-image-preview":"max-image-preview:large","max-video-preview":"max-video-preview:-1"},"og_locale":"fr_FR","og_type":"article","og_title":"Contact - G\u00eete Ard\u00e9che","og_url":"https:\/\/sud-ardeche-gite.fr\/index.php\/formulaire-contact\/","og_site_name":"G\u00eete Ard\u00e9che","article_modified_time":"2021-12-28T11:16:27+00:00","twitter_card":"summary_large_image","twitter_misc":{"Dur\u00e9e de lecture estim\u00e9e":"1 minute"},"schema":{"@context":"https:\/\/schema.org","@graph":[{"@type":"WebPage","@id":"https:\/\/sud-ardeche-gite.fr\/index.php\/formulaire-contact\/","url":"https:\/\/sud-ardeche-gite.fr\/index.php\/formulaire-contact\/","name":"Contact - G\u00eete Ard\u00e9che","isPartOf":{"@id":"https:\/\/sud-ardeche-gite.fr\/#website"},"datePublished":"2021-12-28T10:57:58+00:00","dateModified":"2021-12-28T11:16:27+00:00","breadcrumb":{"@id":"https:\/\/sud-ardeche-gite.fr\/index.php\/formulaire-contact\/#breadcrumb"},"inLanguage":"fr-FR","potentialAction":[{"@type":"ReadAction","target":["https:\/\/sud-ardeche-gite.fr\/index.php\/formulaire-contact\/"]}]},{"@type":"BreadcrumbList","@id":"https:\/\/sud-ardeche-gite.fr\/index.php\/formulaire-contact\/#breadcrumb","itemListElement":[{"@type":"ListItem","position":1,"name":"Home","item":"https:\/\/sud-ardeche-gite.fr\/"},{"@type":"ListItem","position":2,"name":"Contact"}]},{"@type":"WebSite","@id":"https:\/\/sud-ardeche-gite.fr\/#website","url":"https:\/\/sud-ardeche-gite.fr\/","name":"G\u00eete Ard\u00e9che","description":"Gite hebergement en sud Ardeche","publisher":{"@id":"https:\/\/sud-ardeche-gite.fr\/#organization"},"potentialAction":[{"@type":"SearchAction","target":{"@type":"EntryPoint","urlTemplate":"https:\/\/sud-ardeche-gite.fr\/?s={search_term_string}"},"query-input":{"@type":"PropertyValueSpecification","valueRequired":true,"valueName":"search_term_string"}}],"inLanguage":"fr-FR"},{"@type":"Organization","@id":"https:\/\/sud-ardeche-gite.fr\/#organization","name":"G\u00eete Ard\u00e9che","url":"https:\/\/sud-ardeche-gite.fr\/","logo":{"@type":"ImageObject","inLanguage":"fr-FR","@id":"https:\/\/sud-ardeche-gite.fr\/#\/schema\/logo\/image\/","url":"https:\/\/sud-ardeche-gite.fr\/wp-content\/uploads\/2022\/02\/cropped-logo_transparent_background.png","contentUrl":"https:\/\/sud-ardeche-gite.fr\/wp-content\/uploads\/2022\/02\/cropped-logo_transparent_background.png","width":3070,"height":1216,"caption":"G\u00eete Ard\u00e9che"},"image":{"@id":"https:\/\/sud-ardeche-gite.fr\/#\/schema\/logo\/image\/"}}]}},"_links":{"self":[{"href":"https:\/\/sud-ardeche-gite.fr\/index.php\/wp-json\/wp\/v2\/pages\/15","targetHints":{"allow":["GET"]}}],"collection":[{"href":"https:\/\/sud-ardeche-gite.fr\/index.php\/wp-json\/wp\/v2\/pages"}],"about":[{"href":"https:\/\/sud-ardeche-gite.fr\/index.php\/wp-json\/wp\/v2\/types\/page"}],"author":[{"embeddable":true,"href":"https:\/\/sud-ardeche-gite.fr\/index.php\/wp-json\/wp\/v2\/users\/1"}],"replies":[{"embeddable":true,"href":"https:\/\/sud-ardeche-gite.fr\/index.php\/wp-json\/wp\/v2\/comments?post=15"}],"version-history":[{"count":2,"href":"https:\/\/sud-ardeche-gite.fr\/index.php\/wp-json\/wp\/v2\/pages\/15\/revisions"}],"predecessor-version":[{"id":30,"href":"https:\/\/sud-ardeche-gite.fr\/index.php\/wp-json\/wp\/v2\/pages\/15\/revisions\/30"}],"wp:attachment":[{"href":"https:\/\/sud-ardeche-gite.fr\/index.php\/wp-json\/wp\/v2\/media?parent=15"}],"curies":[{"name":"wp","href":"https:\/\/api.w.org\/{rel}","templated":true}]}}